{"id":3502,"date":"2022-12-08T19:12:23","date_gmt":"2022-12-08T19:12:23","guid":{"rendered":"https:\/\/tripnow.online\/?page_id=3502"},"modified":"2024-02-07T16:52:43","modified_gmt":"2024-02-07T16:52:43","slug":"politica-de-privacidade","status":"publish","type":"page","link":"https:\/\/tripnow.online\/en\/politica-de-privacidade\/","title":{"rendered":"Privacy Policy"},"content":{"rendered":"\t\t<div data-elementor-type=\"wp-page\" data-elementor-id=\"3502\" class=\"elementor elementor-3502\" data-elementor-post-type=\"page\">\n\t\t\t\t\t\t<header class=\"elementor-section elementor-top-section elementor-element elementor-element-6eecc4d7 elementor-section-full_width elementor-section-height-min-height elementor-section-content-bottom elementor-section-height-default elementor-section-items-middle\" data-id=\"6eecc4d7\" data-element_type=\"section\" data-e-type=\"section\" data-settings=\"{&quot;background_background&quot;:&quot;classic&quot;,&quot;background_motion_fx_motion_fx_scrolling&quot;:&quot;yes&quot;,&quot;background_motion_fx_translateY_effect&quot;:&quot;yes&quot;,&quot;background_motion_fx_translateY_speed&quot;:{&quot;unit&quot;:&quot;px&quot;,&quot;size&quot;:5.9,&quot;sizes&quot;:[]},&quot;background_motion_fx_translateY_affectedRange&quot;:{&quot;unit&quot;:&quot;%&quot;,&quot;size&quot;:&quot;&quot;,&quot;sizes&quot;:{&quot;start&quot;:28,&quot;end&quot;:100}},&quot;shape_divider_bottom&quot;:&quot;tilt&quot;,&quot;background_motion_fx_devices&quot;:[&quot;desktop&quot;,&quot;tablet&quot;,&quot;mobile&quot;]}\">\n\t\t\t\t\t\t\t<div class=\"elementor-background-overlay\"><\/div>\n\t\t\t\t\t\t<div class=\"elementor-shape elementor-shape-bottom\" aria-hidden=\"true\" data-negative=\"false\">\n\t\t\t<svg xmlns=\"http:\/\/www.w3.org\/2000\/svg\" viewBox=\"0 0 1000 100\" preserveAspectRatio=\"none\">\n\t<path class=\"elementor-shape-fill\" d=\"M0,6V0h1000v100L0,6z\"\/>\n<\/svg>\t\t<\/div>\n\t\t\t\t\t<div class=\"elementor-container elementor-column-gap-no\">\n\t\t\t\t\t<div class=\"elementor-column elementor-col-100 elementor-top-column elementor-element elementor-element-4f4dd607\" data-id=\"4f4dd607\" data-element_type=\"column\" data-e-type=\"column\">\n\t\t\t<div class=\"elementor-widget-wrap elementor-element-populated\">\n\t\t\t\t\t\t<div class=\"elementor-element elementor-element-178c4679 e-transform elementor-widget elementor-widget-heading\" data-id=\"178c4679\" data-element_type=\"widget\" data-e-type=\"widget\" data-settings=\"{&quot;_transform_translateX_effect_hover&quot;:{&quot;unit&quot;:&quot;px&quot;,&quot;size&quot;:-25,&quot;sizes&quot;:[]},&quot;_transform_translateX_effect_hover_tablet&quot;:{&quot;unit&quot;:&quot;px&quot;,&quot;size&quot;:&quot;&quot;,&quot;sizes&quot;:[]},&quot;_transform_translateX_effect_hover_mobile&quot;:{&quot;unit&quot;:&quot;px&quot;,&quot;size&quot;:&quot;&quot;,&quot;sizes&quot;:[]},&quot;_transform_translateY_effect_hover&quot;:{&quot;unit&quot;:&quot;px&quot;,&quot;size&quot;:&quot;&quot;,&quot;sizes&quot;:[]},&quot;_transform_translateY_effect_hover_tablet&quot;:{&quot;unit&quot;:&quot;px&quot;,&quot;size&quot;:&quot;&quot;,&quot;sizes&quot;:[]},&quot;_transform_translateY_effect_hover_mobile&quot;:{&quot;unit&quot;:&quot;px&quot;,&quot;size&quot;:&quot;&quot;,&quot;sizes&quot;:[]}}\" data-widget_type=\"heading.default\">\n\t\t\t\t<div class=\"elementor-widget-container\">\n\t\t\t\t\t<h1 class=\"elementor-heading-title elementor-size-default\">Pol\u00edtica de Privacidade<\/h1>\t\t\t\t<\/div>\n\t\t\t\t<\/div>\n\t\t\t\t\t<\/div>\n\t\t<\/div>\n\t\t\t\t\t<\/div>\n\t\t<\/header>\n\t\t\t\t<section class=\"elementor-section elementor-top-section elementor-element elementor-element-64bfe39 elementor-section-boxed elementor-section-height-default elementor-section-height-default\" data-id=\"64bfe39\" data-element_type=\"section\" data-e-type=\"section\">\n\t\t\t\t\t\t<div class=\"elementor-container elementor-column-gap-default\">\n\t\t\t\t\t<div class=\"elementor-column elementor-col-100 elementor-top-column elementor-element elementor-element-b862175\" data-id=\"b862175\" data-element_type=\"column\" data-e-type=\"column\">\n\t\t\t<div class=\"elementor-widget-wrap elementor-element-populated\">\n\t\t\t\t\t\t<div class=\"elementor-element elementor-element-bd5703b elementor-widget elementor-widget-heading\" data-id=\"bd5703b\" data-element_type=\"widget\" data-e-type=\"widget\" data-widget_type=\"heading.default\">\n\t\t\t\t<div class=\"elementor-widget-container\">\n\t\t\t\t\t<h3 class=\"elementor-heading-title elementor-size-default\">UTILIZA\u00c7\u00c3O, CONFIDENCIALIDADE, SEGURAN\u00c7A E PROTE\u00c7\u00c3O DE DADOS PESSOAIS<\/h3>\t\t\t\t<\/div>\n\t\t\t\t<\/div>\n\t\t\t\t<div class=\"elementor-element elementor-element-2cf7078 elementor-widget elementor-widget-text-editor\" data-id=\"2cf7078\" data-element_type=\"widget\" data-e-type=\"widget\" data-widget_type=\"text-editor.default\">\n\t\t\t\t<div class=\"elementor-widget-container\">\n\t\t\t\t\t\t\t\t\t<div><b>Tratamento de Dados Pessoais:<\/b><\/div><p>Os Dados Pessoais obtidos atrav\u00e9s do nosso site, telefone, email ou atrav\u00e9s de impressos s\u00e3o incorporados em aplica\u00e7\u00e3o inform\u00e1tica. O acesso \u00e0 informa\u00e7\u00e3o em arquivo por parte dos colaboradores somente \u00e9 poss\u00edvel com a inser\u00e7\u00e3o de c\u00f3digos de acesso ficando o registo documentado. A altera\u00e7\u00e3o a dados existentes nos arquivos \u00e9 poss\u00edvel ficando um registo da data e do c\u00f3digo de utilizador respons\u00e1vel pela altera\u00e7\u00e3o.<\/p><div><p style=\"font-weight: 400;\">Os Dados Pessoais s\u00e3o tratados com o grau de prote\u00e7\u00e3o legalmente exig\u00edvel para garantir a seguran\u00e7a dos mesmos e evitar a sua altera\u00e7\u00e3o, perda, tratamento ou acesso n\u00e3o autorizado, tendo em conta o estado da tecnologia, sendo o utilizador consciente e aceitando que as medidas de seguran\u00e7a em Internet n\u00e3o s\u00e3o inexpugn\u00e1veis. A nossa empresa est\u00e1 dotada de infra-estruturas t\u00e9cnicas de controlo perif\u00e9rico, nomeadamente por firewalls de rede, circuitos privados e VPN\u2019s que respeitam os requisitos de seguran\u00e7a. Os Servidores inform\u00e1ticos encontram-se alojados num operador de datacenter\u2019s o qual efectua um servi\u00e7o de prote\u00e7\u00e3o de informa\u00e7\u00e3o digital dos servidores alojados. O servi\u00e7o engloba o backup de ficheiros, a sua conserva\u00e7\u00e3o de acordo com a pol\u00edtica definida e o restore a pedido.<br \/><br \/>Para seguran\u00e7a dos clientes, utilizamos o certificado de seguran\u00e7a SSL &#8211; Secure Socket Layer que \u00e9 utilizada para melhorar a seguran\u00e7a da transmiss\u00e3o de dados atrav\u00e9s da Internet: esta tecnologia encripta e protege os dados transmitidos com recurso ao protocolo HTTPS. O SSL garante aos visitantes do site que os dados fornecidos n\u00e3o ser\u00e3o intercetados de forma fraudulenta. Por quest\u00f5es de seguran\u00e7a aplic\u00e1veis a certos pa\u00edses, \u00e9 obrigat\u00f3ria a coloca\u00e7\u00e3o nas reservas de voos da informa\u00e7\u00e3o referente a dados como nome, n\u00famero de passaporte, sexo, idade, nacionalidade. Essa informa\u00e7\u00e3o contida na reserva poder\u00e1 ser consultada pelas autoridades alfandeg\u00e1rias dos pa\u00edses de origem ou destino.<br \/><br \/>A Trip Now, acedendo a qualquer dado pessoal, compromete-se a:<\/p><ul><li>Custodi\u00e1-los por interm\u00e9dio de medidas de seguran\u00e7a, legalmente exig\u00edveis, de natureza t\u00e9cnica e organizacional, que garantam a sua seguran\u00e7a, evitando assim sua altera\u00e7\u00e3o, perda, tratamento ou acesso n\u00e3o autorizado, em conformidade com o estado da tecnologia em cada momento, a natureza dos dados e os poss\u00edveis riscos a que estejam expostos;<\/li><li>Utilizar ou aplicar os dados exclusivamente com as finalidades devidamente previstas;<\/li><li>Certificar-se de que os dados s\u00e3o manejados unicamente pelos trabalhadores cuja interven\u00e7\u00e3o seja necess\u00e1ria para a presta\u00e7\u00e3o do servi\u00e7o estando os mesmos obrigados ao dever de sigilo e confidencialidade. Existindo a possibilidade de a informa\u00e7\u00e3o ser revelada a terceiros, estes devem ser obrigados a guardar a devida confidencialidade em conformidade com o previsto neste documento.<\/li><\/ul><\/div><div>\u00a0<\/div>\t\t\t\t\t\t\t\t<\/div>\n\t\t\t\t<\/div>\n\t\t\t\t\t<\/div>\n\t\t<\/div>\n\t\t\t\t\t<\/div>\n\t\t<\/section>\n\t\t\t\t<section class=\"elementor-section elementor-top-section elementor-element elementor-element-6271c98 elementor-section-boxed elementor-section-height-default elementor-section-height-default\" data-id=\"6271c98\" data-element_type=\"section\" data-e-type=\"section\">\n\t\t\t\t\t\t<div class=\"elementor-container elementor-column-gap-default\">\n\t\t\t\t\t<div class=\"elementor-column elementor-col-100 elementor-top-column elementor-element elementor-element-d7b1065\" data-id=\"d7b1065\" data-element_type=\"column\" data-e-type=\"column\">\n\t\t\t<div class=\"elementor-widget-wrap elementor-element-populated\">\n\t\t\t\t\t\t<div class=\"elementor-element elementor-element-f1e874d elementor-widget elementor-widget-text-editor\" data-id=\"f1e874d\" data-element_type=\"widget\" data-e-type=\"widget\" data-widget_type=\"text-editor.default\">\n\t\t\t\t<div class=\"elementor-widget-container\">\n\t\t\t\t\t\t\t\t\t<div><p style=\"font-weight: 400;\"><strong>Dados Pessoais<\/strong><br \/>Trip Now mant\u00e9m uma base de dados com o registo dos seus clientes, sendo recolhidos e processados automaticamente. A recolha de dados de identifica\u00e7\u00e3o do utilizador poder\u00e1 ser efetuada via Internet (no pr\u00f3prio site), telefone ou atrav\u00e9s de impressos e ser\u00e3o processados, nos termos aprovados pela Comiss\u00e3o Nacional de Prote\u00e7\u00e3o de Dados de Portugal. Toda a recolha de dados operar\u00e1 de acordo com as mais estritas regras de seguran\u00e7a e nenhuma entidade externa \u00e0 empresa tem acesso ou pode consultar estes dados.<\/p><p>Todos os colaboradores est\u00e3o abrangidos por um dever de sigilo e confidencialidade relativamente aos dados, estando devidamente informados da import\u00e2ncia do cumprimento desse dever legal de sigilo sendo-lhes exigida a correspondente responsabilidade.<\/p><p>Em nenhuma situa\u00e7\u00e3o ser\u00e1 solicitada informa\u00e7\u00e3o sobre convic\u00e7\u00f5es filos\u00f3ficas ou pol\u00edticas, filia\u00e7\u00e3o partid\u00e1ria ou sindical, f\u00e9 religiosa, vida privada e origem racial ou \u00e9tnica, bem como, os dados relativos \u00e0 sa\u00fade e \u00e0 vida sexual, incluindo os dados gen\u00e9ticos.<\/p><p>O Tratamento dos Dados Pessoais \u00e9 realizado no estrito cumprimento da legisla\u00e7\u00e3o de prote\u00e7\u00e3o de dados pessoais tudo nos termos do disposto nas Diretivas Europeias 95\/46 e 2002\/58, na Lei n.\u00ba 67\/98 de 26 de Outubro e\/ou qualquer legisla\u00e7\u00e3o que regule, adite ou substitua a \u201cRegula\u00e7\u00e3o sobre Prote\u00e7\u00e3o de Dados Pessoais\u201d (doravante referida como RPDP).<\/p><p>Quaisquer dados pessoais que os UTILIZADORES possam revelar \u00e0 empresa, ser\u00e3o entendidos como obtidos, tratados e transmitidos sob o estrito cumprimento da RPDP.<\/p><p>A Trip Now declara e garante que implementou e continuar\u00e1 a implementar as medidas de seguran\u00e7a de natureza t\u00e9cnica e organizacional necess\u00e1rias para garantir a seguran\u00e7a dos dados de car\u00e1ter pessoal visando evitar a sua altera\u00e7\u00e3o, perda, tratamento e\/ou acesso n\u00e3o autorizado, tendo em conta o estado atual da tecnologia, a natureza dos dados armazenados e os riscos a que est\u00e3o expostos.<\/p><p>Todos os dados recolhidos atrav\u00e9s do site s\u00e3o inteiramente confidenciais e destinam-se \u00e0 gest\u00e3o de clientes e servi\u00e7os, bem como para a\u00e7\u00f5es de Marketing da empresa.<\/p><\/div>\t\t\t\t\t\t\t\t<\/div>\n\t\t\t\t<\/div>\n\t\t\t\t\t<\/div>\n\t\t<\/div>\n\t\t\t\t\t<\/div>\n\t\t<\/section>\n\t\t\t\t<section class=\"elementor-section elementor-top-section elementor-element elementor-element-ba94d2d elementor-section-boxed elementor-section-height-default elementor-section-height-default\" data-id=\"ba94d2d\" data-element_type=\"section\" data-e-type=\"section\">\n\t\t\t\t\t\t<div class=\"elementor-container elementor-column-gap-default\">\n\t\t\t\t\t<div class=\"elementor-column elementor-col-100 elementor-top-column elementor-element elementor-element-706980f\" data-id=\"706980f\" data-element_type=\"column\" data-e-type=\"column\">\n\t\t\t<div class=\"elementor-widget-wrap elementor-element-populated\">\n\t\t\t\t\t\t<div class=\"elementor-element elementor-element-27e4f05 elementor-widget elementor-widget-text-editor\" data-id=\"27e4f05\" data-element_type=\"widget\" data-e-type=\"widget\" data-widget_type=\"text-editor.default\">\n\t\t\t\t<div class=\"elementor-widget-container\">\n\t\t\t\t\t\t\t\t\t<div><p style=\"font-weight: 400;\"><strong>Pol\u00edtica de cookies:<\/strong><br \/>O nosso site utiliza cookies para melhorar a sua experi\u00eancia de navega\u00e7\u00e3o e para fins de marketing. Este documento explica o que s\u00e3o e para que servem.<br \/><br \/><strong>O que s\u00e3o cookies?<\/strong><br \/>\u00a0&#8220;Cookies&#8221; s\u00e3o pequenos ficheiros de texto que s\u00e3o armazenados no seu computador ou no seu dispositivo m\u00f3vel atrav\u00e9s do navegador de internet (browser), retendo apenas informa\u00e7\u00e3o relacionada com as suas prefer\u00eancias, n\u00e3o incluindo, como tal, os seus dados pessoais. A coloca\u00e7\u00e3o de cookies ajudar\u00e1 o website a reconhecer o seu dispositivo na pr\u00f3xima vez que o visitar.<br \/><br \/>Os cookies utilizados n\u00e3o recolhem informa\u00e7\u00e3o que o poder\u00e1 identificar. Os cookies recolhem informa\u00e7\u00f5es gen\u00e9ricas, como por exemplo, a forma como chega e utiliza o website ou a zona do pa\u00eds atrav\u00e9s do qual acede ao website.<br \/>Os cookies ret\u00eam apenas informa\u00e7\u00e3o relacionada com as suas prefer\u00eancias. A qualquer momento pode, atrav\u00e9s do seu navegador de internet (browser), decidir ser notificado sobre a rece\u00e7\u00e3o de cookies, bem como bloquear a respetiva entrada no seu sistema.<br \/><br \/>Por\u00e9m, a recusa de uso de cookies no website resulta na impossibilidade de ter acesso ao mesmo.<br \/><br \/><strong>Para que servem os Cookies?<\/strong><br \/>Os cookies servem para ajudar a determinar a utilidade, interesse e o n\u00famero de utiliza\u00e7\u00f5es do site da (ag\u00eancia), permitindo uma navega\u00e7\u00e3o mais r\u00e1pida e eficiente, bem como, analisar tr\u00e1fego com o objetivo de melhorar o nosso servi\u00e7o.<br \/><br \/>As defini\u00e7\u00f5es de cookies podem ser alteradas nas prefer\u00eancias do seu navegador.<br \/>Para outros navegadores de internet (browsers), por favor, procure no menu &#8220;ajuda&#8221; do navegador (browser) ou contacte o fornecedor do navegador (browser).<br \/><br \/>Garantimos ao titular dos dados o exerc\u00edcio dos direitos de acesso, retifica\u00e7\u00e3o, cancelamento ou oposi\u00e7\u00e3o legalmente previstos. Se o titular dos dados desejar exercer os direitos de acesso, retifica\u00e7\u00e3o, cancelamento ou oposi\u00e7\u00e3o que a RPDP lhes concede, dever\u00e1 remeter atrav\u00e9s dos nossos contactos.<\/p><\/div>\t\t\t\t\t\t\t\t<\/div>\n\t\t\t\t<\/div>\n\t\t\t\t\t<\/div>\n\t\t<\/div>\n\t\t\t\t\t<\/div>\n\t\t<\/section>\n\t\t\t\t<\/div>\n\t\t","protected":false},"excerpt":{"rendered":"<p>Pol\u00edtica de Privacidade UTILIZA\u00c7\u00c3O, CONFIDENCIALIDADE, SEGURAN\u00c7A E PROTE\u00c7\u00c3O DE DADOS PESSOAIS Tratamento de Dados Pessoais: Os Dados Pessoais obtidos atrav\u00e9s do nosso site, telefone, email ou atrav\u00e9s de impressos s\u00e3o incorporados em aplica\u00e7\u00e3o inform\u00e1tica. O acesso \u00e0 informa\u00e7\u00e3o em arquivo por parte dos colaboradores somente \u00e9 poss\u00edvel com a inser\u00e7\u00e3o de c\u00f3digos de acesso ficando [&hellip;]<\/p>\n","protected":false},"author":1,"featured_media":0,"parent":0,"menu_order":0,"comment_status":"closed","ping_status":"closed","template":"elementor_canvas","meta":{"_acf_changed":false,"footnotes":""},"class_list":["post-3502","page","type-page","status-publish","hentry"],"acf":[],"aioseo_notices":[],"_links":{"self":[{"href":"https:\/\/tripnow.online\/en\/wp-json\/wp\/v2\/pages\/3502","targetHints":{"allow":["GET"]}}],"collection":[{"href":"https:\/\/tripnow.online\/en\/wp-json\/wp\/v2\/pages"}],"about":[{"href":"https:\/\/tripnow.online\/en\/wp-json\/wp\/v2\/types\/page"}],"author":[{"embeddable":true,"href":"https:\/\/tripnow.online\/en\/wp-json\/wp\/v2\/users\/1"}],"replies":[{"embeddable":true,"href":"https:\/\/tripnow.online\/en\/wp-json\/wp\/v2\/comments?post=3502"}],"version-history":[{"count":20,"href":"https:\/\/tripnow.online\/en\/wp-json\/wp\/v2\/pages\/3502\/revisions"}],"predecessor-version":[{"id":7091,"href":"https:\/\/tripnow.online\/en\/wp-json\/wp\/v2\/pages\/3502\/revisions\/7091"}],"wp:attachment":[{"href":"https:\/\/tripnow.online\/en\/wp-json\/wp\/v2\/media?parent=3502"}],"curies":[{"name":"wp","href":"https:\/\/api.w.org\/{rel}","templated":true}]}}