{"id":2487,"date":"2022-12-03T10:28:19","date_gmt":"2022-12-03T10:28:19","guid":{"rendered":"https:\/\/tripnow.online\/?page_id=2487"},"modified":"2024-09-19T17:16:58","modified_gmt":"2024-09-19T17:16:58","slug":"trip-now-corporate","status":"publish","type":"page","link":"https:\/\/tripnow.online\/pt\/trip-now-corporate\/","title":{"rendered":"Corporate"},"content":{"rendered":"\t\t<div data-elementor-type=\"wp-page\" data-elementor-id=\"2487\" class=\"elementor elementor-2487\" data-elementor-post-type=\"page\">\n\t\t\t\t\t\t<header class=\"elementor-section elementor-top-section elementor-element elementor-element-6d6bd9ea elementor-section-full_width elementor-section-height-min-height elementor-section-content-bottom elementor-section-height-default elementor-section-items-middle\" data-id=\"6d6bd9ea\" data-element_type=\"section\" data-e-type=\"section\" data-settings=\"{&quot;background_background&quot;:&quot;classic&quot;,&quot;background_motion_fx_motion_fx_scrolling&quot;:&quot;yes&quot;,&quot;background_motion_fx_translateY_effect&quot;:&quot;yes&quot;,&quot;background_motion_fx_translateY_speed&quot;:{&quot;unit&quot;:&quot;px&quot;,&quot;size&quot;:5.9,&quot;sizes&quot;:[]},&quot;background_motion_fx_translateY_affectedRange&quot;:{&quot;unit&quot;:&quot;%&quot;,&quot;size&quot;:&quot;&quot;,&quot;sizes&quot;:{&quot;start&quot;:28,&quot;end&quot;:100}},&quot;shape_divider_bottom&quot;:&quot;tilt&quot;,&quot;background_motion_fx_devices&quot;:[&quot;desktop&quot;,&quot;tablet&quot;,&quot;mobile&quot;]}\">\n\t\t\t\t\t\t\t<div class=\"elementor-background-overlay\"><\/div>\n\t\t\t\t\t\t<div class=\"elementor-shape elementor-shape-bottom\" aria-hidden=\"true\" data-negative=\"false\">\n\t\t\t<svg xmlns=\"http:\/\/www.w3.org\/2000\/svg\" viewBox=\"0 0 1000 100\" preserveAspectRatio=\"none\">\n\t<path class=\"elementor-shape-fill\" d=\"M0,6V0h1000v100L0,6z\"\/>\n<\/svg>\t\t<\/div>\n\t\t\t\t\t<div class=\"elementor-container elementor-column-gap-no\">\n\t\t\t\t\t<div class=\"elementor-column elementor-col-100 elementor-top-column elementor-element elementor-element-6e46b2b4\" data-id=\"6e46b2b4\" data-element_type=\"column\" data-e-type=\"column\">\n\t\t\t<div class=\"elementor-widget-wrap elementor-element-populated\">\n\t\t\t\t\t\t<div class=\"elementor-element elementor-element-392b0a7c e-transform elementor-widget elementor-widget-heading\" data-id=\"392b0a7c\" data-element_type=\"widget\" data-e-type=\"widget\" data-settings=\"{&quot;_transform_translateX_effect_hover&quot;:{&quot;unit&quot;:&quot;px&quot;,&quot;size&quot;:-25,&quot;sizes&quot;:[]},&quot;_transform_translateX_effect_hover_tablet&quot;:{&quot;unit&quot;:&quot;px&quot;,&quot;size&quot;:&quot;&quot;,&quot;sizes&quot;:[]},&quot;_transform_translateX_effect_hover_mobile&quot;:{&quot;unit&quot;:&quot;px&quot;,&quot;size&quot;:&quot;&quot;,&quot;sizes&quot;:[]},&quot;_transform_translateY_effect_hover&quot;:{&quot;unit&quot;:&quot;px&quot;,&quot;size&quot;:&quot;&quot;,&quot;sizes&quot;:[]},&quot;_transform_translateY_effect_hover_tablet&quot;:{&quot;unit&quot;:&quot;px&quot;,&quot;size&quot;:&quot;&quot;,&quot;sizes&quot;:[]},&quot;_transform_translateY_effect_hover_mobile&quot;:{&quot;unit&quot;:&quot;px&quot;,&quot;size&quot;:&quot;&quot;,&quot;sizes&quot;:[]}}\" data-widget_type=\"heading.default\">\n\t\t\t\t<div class=\"elementor-widget-container\">\n\t\t\t\t\t<h1 class=\"elementor-heading-title elementor-size-default\">Corporate<\/h1>\t\t\t\t<\/div>\n\t\t\t\t<\/div>\n\t\t\t\t\t<\/div>\n\t\t<\/div>\n\t\t\t\t\t<\/div>\n\t\t<\/header>\n\t\t\t\t<section class=\"elementor-section elementor-top-section elementor-element elementor-element-5b5e89ed elementor-section-height-full elementor-reverse-mobile elementor-section-boxed elementor-section-height-default elementor-section-items-middle\" data-id=\"5b5e89ed\" data-element_type=\"section\" data-e-type=\"section\" data-settings=\"{&quot;background_background&quot;:&quot;classic&quot;,&quot;shape_divider_top&quot;:&quot;tilt&quot;,&quot;background_motion_fx_motion_fx_scrolling&quot;:&quot;yes&quot;,&quot;background_motion_fx_translateY_effect&quot;:&quot;yes&quot;,&quot;background_motion_fx_translateY_speed&quot;:{&quot;unit&quot;:&quot;px&quot;,&quot;size&quot;:4,&quot;sizes&quot;:[]},&quot;background_motion_fx_translateY_affectedRange&quot;:{&quot;unit&quot;:&quot;%&quot;,&quot;size&quot;:&quot;&quot;,&quot;sizes&quot;:{&quot;start&quot;:0,&quot;end&quot;:100}},&quot;background_motion_fx_devices&quot;:[&quot;desktop&quot;,&quot;tablet&quot;,&quot;mobile&quot;]}\">\n\t\t\t\t\t\t\t<div class=\"elementor-background-overlay\"><\/div>\n\t\t\t\t\t\t<div class=\"elementor-shape elementor-shape-top\" aria-hidden=\"true\" data-negative=\"false\">\n\t\t\t<svg xmlns=\"http:\/\/www.w3.org\/2000\/svg\" viewBox=\"0 0 1000 100\" preserveAspectRatio=\"none\">\n\t<path class=\"elementor-shape-fill\" d=\"M0,6V0h1000v100L0,6z\"\/>\n<\/svg>\t\t<\/div>\n\t\t\t\t\t<div class=\"elementor-container elementor-column-gap-default\">\n\t\t\t\t\t<div class=\"elementor-column elementor-col-100 elementor-top-column elementor-element elementor-element-119b964f\" data-id=\"119b964f\" data-element_type=\"column\" data-e-type=\"column\">\n\t\t\t<div class=\"elementor-widget-wrap elementor-element-populated\">\n\t\t\t\t\t\t<div class=\"elementor-element elementor-element-4a405ac0 elementor-widget elementor-widget-heading\" data-id=\"4a405ac0\" data-element_type=\"widget\" data-e-type=\"widget\" data-widget_type=\"heading.default\">\n\t\t\t\t<div class=\"elementor-widget-container\">\n\t\t\t\t\t<h2 class=\"elementor-heading-title elementor-size-default\">TRIP NOW CORPORATE<\/h2>\t\t\t\t<\/div>\n\t\t\t\t<\/div>\n\t\t\t\t<section class=\"elementor-section elementor-inner-section elementor-element elementor-element-6f4df270 elementor-section-boxed elementor-section-height-default elementor-section-height-default\" data-id=\"6f4df270\" data-element_type=\"section\" data-e-type=\"section\">\n\t\t\t\t\t\t<div class=\"elementor-container elementor-column-gap-default\">\n\t\t\t\t\t<div class=\"elementor-column elementor-col-50 elementor-inner-column elementor-element elementor-element-5b510d18\" data-id=\"5b510d18\" data-element_type=\"column\" data-e-type=\"column\" data-settings=\"{&quot;background_background&quot;:&quot;classic&quot;,&quot;motion_fx_motion_fx_scrolling&quot;:&quot;yes&quot;,&quot;motion_fx_translateY_effect&quot;:&quot;yes&quot;,&quot;motion_fx_translateY_speed&quot;:{&quot;unit&quot;:&quot;px&quot;,&quot;size&quot;:1.4,&quot;sizes&quot;:[]},&quot;motion_fx_range&quot;:&quot;viewport&quot;,&quot;motion_fx_translateY_affectedRange&quot;:{&quot;unit&quot;:&quot;%&quot;,&quot;size&quot;:&quot;&quot;,&quot;sizes&quot;:{&quot;start&quot;:0,&quot;end&quot;:100}},&quot;motion_fx_devices&quot;:[&quot;desktop&quot;,&quot;tablet&quot;,&quot;mobile&quot;]}\">\n\t\t\t<div class=\"elementor-widget-wrap elementor-element-populated\">\n\t\t\t\t\t\t<div class=\"elementor-element elementor-element-ac1daea elementor-widget elementor-widget-text-editor\" data-id=\"ac1daea\" data-element_type=\"widget\" data-e-type=\"widget\" data-widget_type=\"text-editor.default\">\n\t\t\t\t<div class=\"elementor-widget-container\">\n\t\t\t\t\t\t\t\t\t<p>Surgiu com o intuito de preencher um espa\u00e7o no setor da representa\u00e7\u00e3o <em>corporate, com objetivo dos nossos &nbsp;clientes terem solu\u00e7\u00f5es personalizadas, que ir\u00e3o melhorar e aumentar o seu rendimento profissional<\/em>.<\/p>\n<p>Todos orgulhando-se da qualidade e personaliza\u00e7\u00e3o de cada servi\u00e7o prestado, oferecemos aos nossos clientes um apoio constante em cada \u00e1rea de desloca\u00e7\u00f5es e coloca\u00e7\u00e3o de servi\u00e7os no destino pretendido<\/p>\n<p>Temos ao seu dispor uma equipa de profissionais com uma larga experi\u00eancia no ramo do apoio log\u00edstico (coordena\u00e7\u00e3o e distribui\u00e7\u00e3o pessoas em locais de trabalho), vocacionada para um servi\u00e7o absolutamente personalizado com a garantia de uma oferta eficiente. O rigor e qualidade, permite-nos ajud\u00e1-lo a encontrar as solu\u00e7\u00f5es que mais se adequam \u00e0s suas exig\u00eancias.<\/p>\n<p>A Trip Now , conta com um departamento especializado e prestar-lhe o melhor servi\u00e7o de log\u00edstica e organiza\u00e7\u00e3o no que diz respeito \u00e0 desloca\u00e7\u00e3o alojamento e distribui\u00e7\u00e3o, dentro e fora do territ\u00f3rio nacional dos colaboradores da sua empresa. Criamos estrat\u00e9gias e planeamento para a melhor organiza\u00e7\u00e3o e efici\u00eancia da sua empresa.<\/p>\n<p><span style=\"font-size: 1em; letter-spacing: var(--bodyletterspacing); text-transform: var(--bodytexttransform);\">Conseguimos reunir todas as vossas necessidades num s\u00f3 objetivo, utilizando os melhores servi\u00e7os de desloca\u00e7\u00e3o desde carros com e sem condutor, avia\u00e7\u00e3o, hot\u00e9is, apartamentos e casas, &nbsp;etc.<\/span><\/p>\n<p>Assim em virtude da excelente rela\u00e7\u00e3o com empresas nacionais e internacionais, temos ao seu alcance um servi\u00e7o de qualidade a pre\u00e7os aliciantes e competitivos. Desta forma, a Trip Now , tornou-se n\u00e3o s\u00f3 num parceiro de excel\u00eancia, mas tamb\u00e9m o ponto de partida para grandes estrat\u00e9gias e neg\u00f3cios.<\/p>\t\t\t\t\t\t\t\t<\/div>\n\t\t\t\t<\/div>\n\t\t\t\t\t<\/div>\n\t\t<\/div>\n\t\t\t\t<div class=\"elementor-column elementor-col-50 elementor-inner-column elementor-element elementor-element-79aefdc9\" data-id=\"79aefdc9\" data-element_type=\"column\" data-e-type=\"column\">\n\t\t\t<div class=\"elementor-widget-wrap elementor-element-populated\">\n\t\t\t\t\t\t<div class=\"elementor-element elementor-element-797cd6ff elementor-invisible elementor-widget elementor-widget-image\" data-id=\"797cd6ff\" data-element_type=\"widget\" data-e-type=\"widget\" data-settings=\"{&quot;_animation&quot;:&quot;fadeInRight&quot;}\" data-widget_type=\"image.default\">\n\t\t\t\t<div class=\"elementor-widget-container\">\n\t\t\t\t\t\t\t\t\t\t\t\t\t\t\t<img fetchpriority=\"high\" decoding=\"async\" width=\"1080\" height=\"1080\" src=\"https:\/\/tripnow.online\/wp-content\/uploads\/2022\/12\/trip-Now.png\" class=\"attachment-full size-full wp-image-2417\" alt=\"FavIcon TripNow Ag\u00eancia de Viagens\" srcset=\"https:\/\/tripnow.online\/wp-content\/uploads\/2022\/12\/trip-Now.png 1080w, https:\/\/tripnow.online\/wp-content\/uploads\/2022\/12\/trip-Now-300x300.png 300w, https:\/\/tripnow.online\/wp-content\/uploads\/2022\/12\/trip-Now-1024x1024.png 1024w, https:\/\/tripnow.online\/wp-content\/uploads\/2022\/12\/trip-Now-150x150.png 150w, https:\/\/tripnow.online\/wp-content\/uploads\/2022\/12\/trip-Now-768x768.png 768w, https:\/\/tripnow.online\/wp-content\/uploads\/2022\/12\/trip-Now-1536x1536.png 1536w\" sizes=\"(max-width: 1080px) 100vw, 1080px\" \/>\t\t\t\t\t\t\t\t\t\t\t\t\t\t\t<\/div>\n\t\t\t\t<\/div>\n\t\t\t\t\t<\/div>\n\t\t<\/div>\n\t\t\t\t\t<\/div>\n\t\t<\/section>\n\t\t\t\t\t<\/div>\n\t\t<\/div>\n\t\t\t\t\t<\/div>\n\t\t<\/section>\n\t\t\t\t<\/div>\n\t\t","protected":false},"excerpt":{"rendered":"<p>Corporate TRIP NOW CORPORATE Surgiu com o intuito de preencher um espa\u00e7o no setor da representa\u00e7\u00e3o corporate, com objetivo dos nossos &nbsp;clientes terem solu\u00e7\u00f5es personalizadas, que ir\u00e3o melhorar e aumentar o seu rendimento profissional. Todos orgulhando-se da qualidade e personaliza\u00e7\u00e3o de cada servi\u00e7o prestado, oferecemos aos nossos clientes um apoio constante em cada \u00e1rea de [&hellip;]<\/p>\n","protected":false},"author":1,"featured_media":0,"parent":0,"menu_order":0,"comment_status":"closed","ping_status":"closed","template":"elementor_canvas","meta":{"_acf_changed":false,"footnotes":""},"class_list":["post-2487","page","type-page","status-publish","hentry"],"acf":[],"aioseo_notices":[],"_links":{"self":[{"href":"https:\/\/tripnow.online\/pt\/wp-json\/wp\/v2\/pages\/2487","targetHints":{"allow":["GET"]}}],"collection":[{"href":"https:\/\/tripnow.online\/pt\/wp-json\/wp\/v2\/pages"}],"about":[{"href":"https:\/\/tripnow.online\/pt\/wp-json\/wp\/v2\/types\/page"}],"author":[{"embeddable":true,"href":"https:\/\/tripnow.online\/pt\/wp-json\/wp\/v2\/users\/1"}],"replies":[{"embeddable":true,"href":"https:\/\/tripnow.online\/pt\/wp-json\/wp\/v2\/comments?post=2487"}],"version-history":[{"count":109,"href":"https:\/\/tripnow.online\/pt\/wp-json\/wp\/v2\/pages\/2487\/revisions"}],"predecessor-version":[{"id":13484,"href":"https:\/\/tripnow.online\/pt\/wp-json\/wp\/v2\/pages\/2487\/revisions\/13484"}],"wp:attachment":[{"href":"https:\/\/tripnow.online\/pt\/wp-json\/wp\/v2\/media?parent=2487"}],"curies":[{"name":"wp","href":"https:\/\/api.w.org\/{rel}","templated":true}]}}