{"id":3261,"date":"2022-12-08T15:54:15","date_gmt":"2022-12-08T15:54:15","guid":{"rendered":"https:\/\/tripnow.online\/?page_id=3261"},"modified":"2024-04-15T16:30:17","modified_gmt":"2024-04-15T16:30:17","slug":"contactos","status":"publish","type":"page","link":"https:\/\/tripnow.online\/pt\/contactos\/","title":{"rendered":"Contactos"},"content":{"rendered":"\t\t<div data-elementor-type=\"wp-page\" data-elementor-id=\"3261\" class=\"elementor elementor-3261\" data-elementor-post-type=\"page\">\n\t\t\t\t\t\t<header class=\"elementor-section elementor-top-section elementor-element elementor-element-93bee10 elementor-section-full_width elementor-section-height-min-height elementor-section-content-bottom elementor-section-height-default elementor-section-items-middle\" data-id=\"93bee10\" data-element_type=\"section\" data-e-type=\"section\" data-settings=\"{&quot;background_background&quot;:&quot;classic&quot;,&quot;shape_divider_bottom&quot;:&quot;mountains&quot;}\">\n\t\t\t\t\t<div class=\"elementor-shape elementor-shape-bottom\" aria-hidden=\"true\" data-negative=\"false\">\n\t\t\t<svg xmlns=\"http:\/\/www.w3.org\/2000\/svg\" viewBox=\"0 0 1000 100\" preserveAspectRatio=\"none\">\n\t<path class=\"elementor-shape-fill\" opacity=\"0.33\" d=\"M473,67.3c-203.9,88.3-263.1-34-320.3,0C66,119.1,0,59.7,0,59.7V0h1000v59.7 c0,0-62.1,26.1-94.9,29.3c-32.8,3.3-62.8-12.3-75.8-22.1C806,49.6,745.3,8.7,694.9,4.7S492.4,59,473,67.3z\"\/>\n\t<path class=\"elementor-shape-fill\" opacity=\"0.66\" d=\"M734,67.3c-45.5,0-77.2-23.2-129.1-39.1c-28.6-8.7-150.3-10.1-254,39.1 s-91.7-34.4-149.2,0C115.7,118.3,0,39.8,0,39.8V0h1000v36.5c0,0-28.2-18.5-92.1-18.5C810.2,18.1,775.7,67.3,734,67.3z\"\/>\n\t<path class=\"elementor-shape-fill\" d=\"M766.1,28.9c-200-57.5-266,65.5-395.1,19.5C242,1.8,242,5.4,184.8,20.6C128,35.8,132.3,44.9,89.9,52.5C28.6,63.7,0,0,0,0 h1000c0,0-9.9,40.9-83.6,48.1S829.6,47,766.1,28.9z\"\/>\n<\/svg>\t\t<\/div>\n\t\t\t\t\t<div class=\"elementor-container elementor-column-gap-no\">\n\t\t\t\t\t<div class=\"elementor-column elementor-col-100 elementor-top-column elementor-element elementor-element-4da0259\" data-id=\"4da0259\" data-element_type=\"column\" data-e-type=\"column\">\n\t\t\t<div class=\"elementor-widget-wrap elementor-element-populated\">\n\t\t\t\t\t\t<div class=\"elementor-element elementor-element-6d693588 e-transform elementor-widget elementor-widget-heading\" data-id=\"6d693588\" data-element_type=\"widget\" data-e-type=\"widget\" data-settings=\"{&quot;_transform_translateX_effect_hover&quot;:{&quot;unit&quot;:&quot;px&quot;,&quot;size&quot;:-25,&quot;sizes&quot;:[]},&quot;_transform_translateX_effect_hover_tablet&quot;:{&quot;unit&quot;:&quot;px&quot;,&quot;size&quot;:&quot;&quot;,&quot;sizes&quot;:[]},&quot;_transform_translateX_effect_hover_mobile&quot;:{&quot;unit&quot;:&quot;px&quot;,&quot;size&quot;:&quot;&quot;,&quot;sizes&quot;:[]},&quot;_transform_translateY_effect_hover&quot;:{&quot;unit&quot;:&quot;px&quot;,&quot;size&quot;:&quot;&quot;,&quot;sizes&quot;:[]},&quot;_transform_translateY_effect_hover_tablet&quot;:{&quot;unit&quot;:&quot;px&quot;,&quot;size&quot;:&quot;&quot;,&quot;sizes&quot;:[]},&quot;_transform_translateY_effect_hover_mobile&quot;:{&quot;unit&quot;:&quot;px&quot;,&quot;size&quot;:&quot;&quot;,&quot;sizes&quot;:[]}}\" data-widget_type=\"heading.default\">\n\t\t\t\t<div class=\"elementor-widget-container\">\n\t\t\t\t\t<h1 class=\"elementor-heading-title elementor-size-default\">Contactos<\/h1>\t\t\t\t<\/div>\n\t\t\t\t<\/div>\n\t\t\t\t\t<\/div>\n\t\t<\/div>\n\t\t\t\t\t<\/div>\n\t\t<\/header>\n\t\t\t\t<section class=\"elementor-section elementor-top-section elementor-element elementor-element-cb709dd elementor-section-height-min-height elementor-section-boxed elementor-section-height-default elementor-section-items-middle\" data-id=\"cb709dd\" data-element_type=\"section\" data-e-type=\"section\">\n\t\t\t\t\t\t<div class=\"elementor-container elementor-column-gap-default\">\n\t\t\t\t\t<div class=\"elementor-column elementor-col-100 elementor-top-column elementor-element elementor-element-d6e7d6b\" data-id=\"d6e7d6b\" data-element_type=\"column\" data-e-type=\"column\">\n\t\t\t<div class=\"elementor-widget-wrap elementor-element-populated\">\n\t\t\t\t\t\t<div class=\"elementor-element elementor-element-3c064cea elementor-widget elementor-widget-google_maps\" data-id=\"3c064cea\" data-element_type=\"widget\" data-e-type=\"widget\" data-widget_type=\"google_maps.default\">\n\t\t\t\t<div class=\"elementor-widget-container\">\n\t\t\t\t\t\t\t<div class=\"elementor-custom-embed\">\n\t\t\t<iframe\n\t\t\t\t\tdata-src=\"https:\/\/www.google.com\/maps\/embed\/v1\/place?key=AIzaSyCAjj8yHTIwQvPyDU5dhWMh9gs10lMS_t4&#038;q=trip%20Now&#038;zoom=10\"\n\t\t\t\t\ttitle=\"trip Now\"\n\t\t\t\t\taria-label=\"trip Now\"\n\t\t\t src=\"data:image\/svg+xml;base64,PHN2ZyB3aWR0aD0iMSIgaGVpZ2h0PSIxIiB4bWxucz0iaHR0cDovL3d3dy53My5vcmcvMjAwMC9zdmciPjwvc3ZnPg==\" class=\"lazyload\" data-load-mode=\"1\"><\/iframe>\n\t\t<\/div>\n\t\t\t\t\t\t<\/div>\n\t\t\t\t<\/div>\n\t\t\t\t\t<\/div>\n\t\t<\/div>\n\t\t\t\t\t<\/div>\n\t\t<\/section>\n\t\t\t\t<section class=\"elementor-section elementor-top-section elementor-element elementor-element-4460f19 elementor-section-boxed elementor-section-height-default elementor-section-height-default\" data-id=\"4460f19\" data-element_type=\"section\" data-e-type=\"section\">\n\t\t\t\t\t\t<div class=\"elementor-container elementor-column-gap-default\">\n\t\t\t\t\t<div class=\"elementor-column elementor-col-50 elementor-top-column elementor-element elementor-element-995f2b3\" data-id=\"995f2b3\" data-element_type=\"column\" data-e-type=\"column\">\n\t\t\t<div class=\"elementor-widget-wrap elementor-element-populated\">\n\t\t\t\t\t\t<div class=\"elementor-element elementor-element-75bac7d3 elementor-widget elementor-widget-heading\" data-id=\"75bac7d3\" data-element_type=\"widget\" data-e-type=\"widget\" data-widget_type=\"heading.default\">\n\t\t\t\t<div class=\"elementor-widget-container\">\n\t\t\t\t\t<h2 class=\"elementor-heading-title elementor-size-default\">Sede Trip Now<\/h2>\t\t\t\t<\/div>\n\t\t\t\t<\/div>\n\t\t\t\t<div class=\"elementor-element elementor-element-303cddd7 elementor-widget elementor-widget-heading\" data-id=\"303cddd7\" data-element_type=\"widget\" data-e-type=\"widget\" data-widget_type=\"heading.default\">\n\t\t\t\t<div class=\"elementor-widget-container\">\n\t\t\t\t\t<p class=\"elementor-heading-title elementor-size-default\">Largo Jo\u00e3o Tomas da Costa, N74 | 4900-509 Viana do Castelo<\/p>\t\t\t\t<\/div>\n\t\t\t\t<\/div>\n\t\t\t\t<div class=\"elementor-element elementor-element-6fa24974 elementor-widget elementor-widget-heading\" data-id=\"6fa24974\" data-element_type=\"widget\" data-e-type=\"widget\" data-widget_type=\"heading.default\">\n\t\t\t\t<div class=\"elementor-widget-container\">\n\t\t\t\t\t<p class=\"elementor-heading-title elementor-size-default\"><b>De Segunda a Sexta: <\/b><br>09:30h - 13:00h<br>14:30h - 19:00h<br><b>S\u00e1bados: <\/b>(de 01\/05 at\u00e9 30\/09)<\/p>\t\t\t\t<\/div>\n\t\t\t\t<\/div>\n\t\t\t\t<div class=\"elementor-element elementor-element-6ec6e902 elementor-view-stacked elementor-shape-square elementor-position-inline-start elementor-mobile-position-block-start elementor-widget elementor-widget-icon-box\" data-id=\"6ec6e902\" data-element_type=\"widget\" data-e-type=\"widget\" data-widget_type=\"icon-box.default\">\n\t\t\t\t<div class=\"elementor-widget-container\">\n\t\t\t\t\t\t\t<div class=\"elementor-icon-box-wrapper\">\n\n\t\t\t\t\t\t<div class=\"elementor-icon-box-icon\">\n\t\t\t\t<span  class=\"elementor-icon\">\n\t\t\t\t<i aria-hidden=\"true\" class=\"fas fa-phone-square-alt\"><\/i>\t\t\t\t<\/span>\n\t\t\t<\/div>\n\t\t\t\n\t\t\t\t\t\t<div class=\"elementor-icon-box-content\">\n\n\t\t\t\t\t\t\t\t\t<h3 class=\"elementor-icon-box-title\">\n\t\t\t\t\t\t<span  >\n\t\t\t\t\t\t\t258836421\t\t\t\t\t\t<\/span>\n\t\t\t\t\t<\/h3>\n\t\t\t\t\n\t\t\t\t\t\t\t\t\t<p class=\"elementor-icon-box-description\">\n\t\t\t\t\t\t*(Chamada para rede fixa Nacional)\t\t\t\t\t<\/p>\n\t\t\t\t\n\t\t\t<\/div>\n\t\t\t\n\t\t<\/div>\n\t\t\t\t\t\t<\/div>\n\t\t\t\t<\/div>\n\t\t\t\t<div class=\"elementor-element elementor-element-95ec4d6 elementor-view-stacked elementor-shape-square elementor-position-inline-start elementor-mobile-position-block-start elementor-widget elementor-widget-icon-box\" data-id=\"95ec4d6\" data-element_type=\"widget\" data-e-type=\"widget\" data-widget_type=\"icon-box.default\">\n\t\t\t\t<div class=\"elementor-widget-container\">\n\t\t\t\t\t\t\t<div class=\"elementor-icon-box-wrapper\">\n\n\t\t\t\t\t\t<div class=\"elementor-icon-box-icon\">\n\t\t\t\t<a href=\"mailto:reservas@tripnow.pt\" class=\"elementor-icon\" tabindex=\"-1\" aria-label=\"reservas@tripnow.pt\">\n\t\t\t\t<i aria-hidden=\"true\" class=\"fas fa-mail-bulk\"><\/i>\t\t\t\t<\/a>\n\t\t\t<\/div>\n\t\t\t\n\t\t\t\t\t\t<div class=\"elementor-icon-box-content\">\n\n\t\t\t\t\t\t\t\t\t<h3 class=\"elementor-icon-box-title\">\n\t\t\t\t\t\t<a href=\"mailto:reservas@tripnow.pt\" >\n\t\t\t\t\t\t\treservas@tripnow.pt\t\t\t\t\t\t<\/a>\n\t\t\t\t\t<\/h3>\n\t\t\t\t\n\t\t\t\t\n\t\t\t<\/div>\n\t\t\t\n\t\t<\/div>\n\t\t\t\t\t\t<\/div>\n\t\t\t\t<\/div>\n\t\t\t\t\t<\/div>\n\t\t<\/div>\n\t\t\t\t<div class=\"elementor-column elementor-col-50 elementor-top-column elementor-element elementor-element-fabcfe0\" data-id=\"fabcfe0\" data-element_type=\"column\" data-e-type=\"column\">\n\t\t\t<div class=\"elementor-widget-wrap elementor-element-populated\">\n\t\t\t\t\t\t<div class=\"elementor-element elementor-element-24993bbe elementor-widget elementor-widget-image\" data-id=\"24993bbe\" data-element_type=\"widget\" data-e-type=\"widget\" data-widget_type=\"image.default\">\n\t\t\t\t<div class=\"elementor-widget-container\">\n\t\t\t\t\t\t\t\t\t\t\t\t\t\t\t<img fetchpriority=\"high\" decoding=\"async\" width=\"800\" height=\"600\" src=\"https:\/\/tripnow.online\/wp-content\/uploads\/2022\/12\/loja-1024x768.jpg\" class=\"attachment-large size-large wp-image-5018\" alt=\"\" srcset=\"https:\/\/tripnow.online\/wp-content\/uploads\/2022\/12\/loja-1024x768.jpg 1024w, https:\/\/tripnow.online\/wp-content\/uploads\/2022\/12\/loja-300x225.jpg 300w, https:\/\/tripnow.online\/wp-content\/uploads\/2022\/12\/loja-768x576.jpg 768w, https:\/\/tripnow.online\/wp-content\/uploads\/2022\/12\/loja-1536x1152.jpg 1536w, https:\/\/tripnow.online\/wp-content\/uploads\/2022\/12\/loja.jpg 1080w\" sizes=\"(max-width: 800px) 100vw, 800px\" \/>\t\t\t\t\t\t\t\t\t\t\t\t\t\t\t<\/div>\n\t\t\t\t<\/div>\n\t\t\t\t\t<\/div>\n\t\t<\/div>\n\t\t\t\t\t<\/div>\n\t\t<\/section>\n\t\t\t\t<section class=\"elementor-section elementor-top-section elementor-element elementor-element-f9298be elementor-hidden-desktop elementor-hidden-tablet elementor-hidden-mobile elementor-section-boxed elementor-section-height-default elementor-section-height-default\" data-id=\"f9298be\" data-element_type=\"section\" data-e-type=\"section\">\n\t\t\t\t\t\t<div class=\"elementor-container elementor-column-gap-default\">\n\t\t\t\t\t<div class=\"elementor-column elementor-col-50 elementor-top-column elementor-element elementor-element-ccb5863\" data-id=\"ccb5863\" data-element_type=\"column\" data-e-type=\"column\" data-settings=\"{&quot;background_background&quot;:&quot;slideshow&quot;,&quot;background_slideshow_gallery&quot;:[{&quot;id&quot;:3067,&quot;url&quot;:&quot;https:\\\/\\\/tripnow.online\\\/wp-content\\\/uploads\\\/2022\\\/12\\\/photo-1501556466850-7c9fa1fccb4c.jpeg&quot;}],&quot;background_slideshow_loop&quot;:&quot;yes&quot;,&quot;background_slideshow_slide_duration&quot;:5000,&quot;background_slideshow_slide_transition&quot;:&quot;fade&quot;,&quot;background_slideshow_transition_duration&quot;:500}\">\n\t\t\t<div class=\"elementor-widget-wrap elementor-element-populated\">\n\t\t\t\t\t\t<div class=\"elementor-element elementor-element-5508e4e7 e-transform elementor-widget elementor-widget-heading\" data-id=\"5508e4e7\" data-element_type=\"widget\" data-e-type=\"widget\" data-settings=\"{&quot;motion_fx_motion_fx_scrolling&quot;:&quot;yes&quot;,&quot;motion_fx_translateX_effect&quot;:&quot;yes&quot;,&quot;motion_fx_translateX_direction&quot;:&quot;negative&quot;,&quot;motion_fx_translateX_speed&quot;:{&quot;unit&quot;:&quot;px&quot;,&quot;size&quot;:0.2,&quot;sizes&quot;:[]},&quot;motion_fx_translateX_affectedRange&quot;:{&quot;unit&quot;:&quot;%&quot;,&quot;size&quot;:&quot;&quot;,&quot;sizes&quot;:{&quot;start&quot;:50,&quot;end&quot;:72}},&quot;motion_fx_range&quot;:&quot;viewport&quot;,&quot;_transform_translateX_effect_hover&quot;:{&quot;unit&quot;:&quot;px&quot;,&quot;size&quot;:10,&quot;sizes&quot;:[]},&quot;_transform_translateY_effect_hover_tablet&quot;:{&quot;unit&quot;:&quot;%&quot;,&quot;size&quot;:&quot;&quot;,&quot;sizes&quot;:[]},&quot;_transform_translateY_effect_hover_mobile&quot;:{&quot;unit&quot;:&quot;%&quot;,&quot;size&quot;:&quot;&quot;,&quot;sizes&quot;:[]},&quot;motion_fx_devices&quot;:[&quot;desktop&quot;,&quot;tablet&quot;,&quot;mobile&quot;],&quot;_transform_translateX_effect_hover_tablet&quot;:{&quot;unit&quot;:&quot;px&quot;,&quot;size&quot;:&quot;&quot;,&quot;sizes&quot;:[]},&quot;_transform_translateX_effect_hover_mobile&quot;:{&quot;unit&quot;:&quot;px&quot;,&quot;size&quot;:&quot;&quot;,&quot;sizes&quot;:[]},&quot;_transform_translateY_effect_hover&quot;:{&quot;unit&quot;:&quot;px&quot;,&quot;size&quot;:&quot;&quot;,&quot;sizes&quot;:[]}}\" data-widget_type=\"heading.default\">\n\t\t\t\t<div class=\"elementor-widget-container\">\n\t\t\t\t\t<h2 class=\"elementor-heading-title elementor-size-default\">Pe\u00e7a o seu Or\u00e7amento<\/h2>\t\t\t\t<\/div>\n\t\t\t\t<\/div>\n\t\t\t\t\t<\/div>\n\t\t<\/div>\n\t\t\t\t<div class=\"elementor-column elementor-col-50 elementor-top-column elementor-element elementor-element-ceece4d\" data-id=\"ceece4d\" data-element_type=\"column\" data-e-type=\"column\">\n\t\t\t<div class=\"elementor-widget-wrap elementor-element-populated\">\n\t\t\t\t\t\t<div class=\"elementor-element elementor-element-4f947963 elementor-widget elementor-widget-wpforms\" data-id=\"4f947963\" data-element_type=\"widget\" data-e-type=\"widget\" data-widget_type=\"wpforms.default\">\n\t\t\t\t<div class=\"elementor-widget-container\">\n\t\t\t\t\t<div class=\"wpforms-container wpforms-container-full\" id=\"wpforms-2074\"><form id=\"wpforms-form-2074\" class=\"wpforms-validate wpforms-form wpforms-ajax-form\" data-formid=\"2074\" method=\"post\" enctype=\"multipart\/form-data\" action=\"\/pt\/wp-json\/wp\/v2\/pages\/3261\" data-token=\"ace8acd4b75a302209d400abb568a7e4\" data-token-time=\"1777470314\"><noscript class=\"wpforms-error-noscript\">Please enable JavaScript in your browser to complete this form.<\/noscript><div class=\"wpforms-field-container\"><div id=\"wpforms-2074-field_3-container\" class=\"wpforms-field wpforms-field-name\" data-field-id=\"3\"><label class=\"wpforms-field-label\" for=\"wpforms-2074-field_3\">Nome <span class=\"wpforms-required-label\">*<\/span><\/label><div class=\"wpforms-field-row wpforms-field-medium\"><div class=\"wpforms-field-row-block wpforms-first wpforms-one-half\"><input type=\"text\" id=\"wpforms-2074-field_3\" class=\"wpforms-field-name-first wpforms-field-required\" name=\"wpforms[fields][3][first]\" placeholder=\"Nome\" required><label for=\"wpforms-2074-field_3\" class=\"wpforms-field-sublabel after wpforms-sublabel-hide\">First<\/label><\/div><div class=\"wpforms-field-row-block wpforms-one-half\"><input type=\"text\" id=\"wpforms-2074-field_3-last\" class=\"wpforms-field-name-last wpforms-field-required\" name=\"wpforms[fields][3][last]\" placeholder=\"Apelido\" required><label for=\"wpforms-2074-field_3-last\" class=\"wpforms-field-sublabel after wpforms-sublabel-hide\">Last<\/label><\/div><\/div><\/div><div id=\"wpforms-2074-field_33-container\" class=\"wpforms-field wpforms-field-text\" data-field-id=\"33\"><label class=\"wpforms-field-label\" for=\"wpforms-2074-field_33\">Telem\u00f3vel <span class=\"wpforms-required-label\">*<\/span><\/label><input type=\"text\" id=\"wpforms-2074-field_33\" class=\"wpforms-field-small wpforms-field-required wpforms-limit-characters-enabled\" data-form-id=\"2074\" data-field-id=\"33\" data-text-limit=\"9\" name=\"wpforms[fields][33]\" maxlength=\"9\" required><\/div><div id=\"wpforms-2074-field_20-container\" class=\"wpforms-field wpforms-field-email\" data-field-id=\"20\"><label class=\"wpforms-field-label\" for=\"wpforms-2074-field_20\">Email <span class=\"wpforms-required-label\">*<\/span><\/label><input type=\"email\" id=\"wpforms-2074-field_20\" class=\"wpforms-field-medium wpforms-field-required\" name=\"wpforms[fields][20]\" placeholder=\"Insira o seu e-mail\" spellcheck=\"false\" required><\/div><div id=\"wpforms-2074-field_27-container\" class=\"wpforms-field wpforms-field-number\" data-field-id=\"27\"><label class=\"wpforms-field-label\" for=\"wpforms-2074-field_27\">N\u00famero de Pessoas  <span class=\"wpforms-required-label\">*<\/span><\/label><input type=\"number\" id=\"wpforms-2074-field_27\" class=\"wpforms-field-small wpforms-field-required\" name=\"wpforms[fields][27]\" value=\"2\" step=\"any\" required><\/div><div id=\"wpforms-2074-field_35-container\" class=\"wpforms-field wpforms-field-text\" data-field-id=\"35\"><label class=\"wpforms-field-label\" for=\"wpforms-2074-field_35\">Destino <span class=\"wpforms-required-label\">*<\/span><\/label><input type=\"text\" id=\"wpforms-2074-field_35\" class=\"wpforms-field-medium wpforms-field-required\" name=\"wpforms[fields][35]\" required><\/div><div id=\"wpforms-2074-field_32-container\" class=\"wpforms-field wpforms-field-textarea\" data-field-id=\"32\"><label class=\"wpforms-field-label\" for=\"wpforms-2074-field_32\">Observa\u00e7\u00f5es<\/label><textarea id=\"wpforms-2074-field_32\" class=\"wpforms-field-medium\" name=\"wpforms[fields][32]\" ><\/textarea><\/div><div id=\"wpforms-2074-field_21-container\" class=\"wpforms-field wpforms-field-text\" data-field-id=\"21\"><label class=\"wpforms-field-label\" for=\"wpforms-2074-field_21\">Insira a data de in\u00edcio <span class=\"wpforms-required-label\">*<\/span><\/label><input type=\"text\" id=\"wpforms-2074-field_21\" class=\"wpforms-field-medium wpforms-field-required\" name=\"wpforms[fields][21]\" value=\"29\/04\/2026\" required><\/div><div id=\"wpforms-2074-field_23-container\" class=\"wpforms-field wpforms-field-text\" data-field-id=\"23\"><label class=\"wpforms-field-label\" for=\"wpforms-2074-field_23\">Insira a data de fim <span class=\"wpforms-required-label\">*<\/span><\/label><input type=\"text\" id=\"wpforms-2074-field_23\" class=\"wpforms-field-medium wpforms-field-required\" name=\"wpforms[fields][23]\" value=\"29\/04\/2026\" required><\/div><div id=\"wpforms-2074-field_28-container\" class=\"wpforms-field wpforms-field-select wpforms-field-select-style-modern\" data-field-id=\"28\"><label class=\"wpforms-field-label\" for=\"wpforms-2074-field_28\">Regime Alimentar <span class=\"wpforms-required-label\">*<\/span><\/label><select id=\"wpforms-2074-field_28\" class=\"wpforms-field-medium wpforms-field-required choicesjs-select\" data-size-class=\"wpforms-field-row wpforms-field-medium\" data-search-enabled=\"\" name=\"wpforms[fields][28][]\" required=\"required\" multiple=\"multiple\"><option value=\"\" class=\"placeholder\" disabled ><\/option><option value=\"S\u00f3 Alojamento\"  class=\"choice-1 depth-1\"  >S\u00f3 Alojamento<\/option><option value=\"Alojamento e Pequeno Almo\u00e7o\"  class=\"choice-2 depth-1\"  >Alojamento e Pequeno Almo\u00e7o<\/option><option value=\"Meia Pens\u00e3o\"  class=\"choice-3 depth-1\"  >Meia Pens\u00e3o<\/option><option value=\"Pens\u00e3o Completa\"  class=\"choice-4 depth-1\"  >Pens\u00e3o Completa<\/option><option value=\"Tudo Inclu\u00eddo\"  class=\"choice-5 depth-1\"  >Tudo Inclu\u00eddo<\/option><\/select><\/div><div id=\"wpforms-2074-field_26-container\" class=\"wpforms-field wpforms-field-radio\" data-field-id=\"26\"><label class=\"wpforms-field-label\">Valores que n\u00e3o pretende exceder. <span class=\"wpforms-required-label\">*<\/span><\/label><ul id=\"wpforms-2074-field_26\" class=\"wpforms-field-required\"><li class=\"choice-1 depth-1\"><input type=\"radio\" id=\"wpforms-2074-field_26_1\" name=\"wpforms[fields][26]\" value=\"at\u00e9 500\u20ac\" required ><label class=\"wpforms-field-label-inline\" for=\"wpforms-2074-field_26_1\">at\u00e9 500\u20ac<\/label><\/li><li class=\"choice-2 depth-1\"><input type=\"radio\" id=\"wpforms-2074-field_26_2\" name=\"wpforms[fields][26]\" value=\"at\u00e9 1000\u20ac\" required ><label class=\"wpforms-field-label-inline\" for=\"wpforms-2074-field_26_2\">at\u00e9 1000\u20ac<\/label><\/li><li class=\"choice-3 depth-1\"><input type=\"radio\" id=\"wpforms-2074-field_26_3\" name=\"wpforms[fields][26]\" value=\"at\u00e9 2000\u20ac\" required ><label class=\"wpforms-field-label-inline\" for=\"wpforms-2074-field_26_3\">at\u00e9 2000\u20ac<\/label><\/li><li class=\"choice-4 depth-1\"><input type=\"radio\" id=\"wpforms-2074-field_26_4\" name=\"wpforms[fields][26]\" value=\"at\u00e9 5000\u20ac\" required ><label class=\"wpforms-field-label-inline\" for=\"wpforms-2074-field_26_4\">at\u00e9 5000\u20ac<\/label><\/li><\/ul><\/div><\/div><!-- .wpforms-field-container --><div class=\"wpforms-submit-container\" ><input type=\"hidden\" name=\"wpforms[id]\" value=\"2074\"><input type=\"hidden\" name=\"page_title\" value=\"\"><input type=\"hidden\" name=\"page_url\" value=\"https:\/\/tripnow.online\/pt\/wp-json\/wp\/v2\/pages\/3261\"><input type=\"hidden\" name=\"url_referer\" value=\"\"><button type=\"submit\" name=\"wpforms[submit]\" id=\"wpforms-submit-2074\" class=\"wpforms-submit\" data-alt-text=\"Enviando...\" data-submit-text=\"Enviar\" aria-live=\"assertive\" value=\"wpforms-submit\">Enviar<\/button><img decoding=\"async\" data-src=\"https:\/\/tripnow.online\/wp-content\/plugins\/wpforms-lite\/assets\/images\/submit-spin.svg\" class=\"wpforms-submit-spinner lazyload\" style=\"--smush-placeholder-width: 26px; --smush-placeholder-aspect-ratio: 26\/26;display: none;\" width=\"26\" height=\"26\" alt=\"Loading\" src=\"data:image\/svg+xml;base64,PHN2ZyB3aWR0aD0iMSIgaGVpZ2h0PSIxIiB4bWxucz0iaHR0cDovL3d3dy53My5vcmcvMjAwMC9zdmciPjwvc3ZnPg==\"><\/div><\/form><\/div>  <!-- .wpforms-container -->\t\t\t\t<\/div>\n\t\t\t\t<\/div>\n\t\t\t\t\t<\/div>\n\t\t<\/div>\n\t\t\t\t\t<\/div>\n\t\t<\/section>\n\t\t\t\t<\/div>\n\t\t","protected":false},"excerpt":{"rendered":"<p>Contactos Sede Trip Now Largo Jo\u00e3o Tomas da Costa, N74 | 4900-509 Viana do Castelo De Segunda a Sexta: 09:30h &#8211; 13:00h14:30h &#8211; 19:00hS\u00e1bados: (de 01\/05 at\u00e9 30\/09) 258836421 *(Chamada para rede fixa Nacional) reservas@tripnow.pt Pe\u00e7a o seu Or\u00e7amento Please enable JavaScript in your browser to complete this form.Nome *FirstLastTelem\u00f3vel *Email *Insira o N\u00famero de [&hellip;]<\/p>\n","protected":false},"author":1,"featured_media":0,"parent":0,"menu_order":0,"comment_status":"closed","ping_status":"closed","template":"elementor_canvas","meta":{"_acf_changed":false,"footnotes":""},"class_list":["post-3261","page","type-page","status-publish","hentry"],"acf":[],"aioseo_notices":[],"_links":{"self":[{"href":"https:\/\/tripnow.online\/pt\/wp-json\/wp\/v2\/pages\/3261","targetHints":{"allow":["GET"]}}],"collection":[{"href":"https:\/\/tripnow.online\/pt\/wp-json\/wp\/v2\/pages"}],"about":[{"href":"https:\/\/tripnow.online\/pt\/wp-json\/wp\/v2\/types\/page"}],"author":[{"embeddable":true,"href":"https:\/\/tripnow.online\/pt\/wp-json\/wp\/v2\/users\/1"}],"replies":[{"embeddable":true,"href":"https:\/\/tripnow.online\/pt\/wp-json\/wp\/v2\/comments?post=3261"}],"version-history":[{"count":134,"href":"https:\/\/tripnow.online\/pt\/wp-json\/wp\/v2\/pages\/3261\/revisions"}],"predecessor-version":[{"id":14143,"href":"https:\/\/tripnow.online\/pt\/wp-json\/wp\/v2\/pages\/3261\/revisions\/14143"}],"wp:attachment":[{"href":"https:\/\/tripnow.online\/pt\/wp-json\/wp\/v2\/media?parent=3261"}],"curies":[{"name":"wp","href":"https:\/\/api.w.org\/{rel}","templated":true}]}}